{"id":500,"date":"2023-12-03T18:22:51","date_gmt":"2023-12-03T18:22:51","guid":{"rendered":"https:\/\/fotodesign-schneider.info\/?page_id=500"},"modified":"2024-11-28T09:19:35","modified_gmt":"2024-11-28T08:19:35","slug":"schloss-neuhardenberg","status":"publish","type":"page","link":"https:\/\/schneider-fotodesign.de\/?page_id=500","title":{"rendered":"Schloss Neuhardenberg"},"content":{"rendered":"<div class=\"wpb-content-wrapper\"><p>[vc_row][vc_column][vc_column_text css_animation=&#8220;zoomInUp&#8220;]Das\u00a0<b>Schloss Neuhardenberg<\/b>\u00a0liegt in der gleichnamigen Gemeinde\u00a0Neuhardenberg\u00a0im\u00a0Landkreis M\u00e4rkisch-Oderland\u00a0im Bundesland\u00a0Brandenburg.<\/p>\n<p>Der Bau des Schlosses begann m\u00f6glicherweise 1786, das hei\u00dft im Todesjahr\u00a0Friedrichs des Gro\u00dfen, m\u00f6glicherweise aber auch schon fr\u00fcher, denn laut\u00a0Theodor Fontane\u00a0(in\u00a0<i>Wanderungen durch die Mark Brandenburg<\/i>, Band 2) soll Friedrich der Gro\u00dfe bemerkt haben, \u201eEr baut ja ein Schloss! Er will ja hoch hinaus!\u201c, woraufhin\u00a0Joachim Bernhard von Prittwitz\u00a0auf die\u00a0Beletage\u00a0verzichtet haben soll und es bei einer eingeschossigen Dreifl\u00fcgelanlage mit hohem\u00a0Mansarddach\u00a0belie\u00df. An der Innenausstattung war\u00a0Carl Gotthard Langhans\u00a0beteiligt. 1792 wurde im Park nach Entw\u00fcrfen von\u00a0Johann Wilhelm Meil\u00a0(1733\u20131805) ein Denkmal f\u00fcr Friedrich den Gro\u00dfen errichtet.<\/p>\n<p>Joachim Bernhard von Prittwitz, Rittmeister der\u00a0Zietenschen\u00a0Husaren und sp\u00e4ter preu\u00dfischer\u00a0General der Kavallerie, hatte den Herrensitz Quilitz, wie er damals hie\u00df, am 18. April 1763 als Dank f\u00fcr die Rettung Friedrichs in der\u00a0Schlacht bei Kunersdorf\u00a0(1759) als k\u00f6nigliche\u00a0Dotation\u00a0erhalten. Wenig sp\u00e4ter begannen die Schlossarbeiten. 1811 wurde Quilitz von Prittwitz\u2019 Sohn wieder an die preu\u00dfische Krone zur\u00fcckverkauft.<\/p>\n<p>Am 11. November 1814 gab K\u00f6nig\u00a0Friedrich Wilhelm III.\u00a0von\u00a0Preu\u00dfen\u00a0Ort und Schloss als k\u00f6nigliche Dotation seinem im Juni desselben Jahres in den F\u00fcrstenstand<sup id=\"cite_ref-1\" class=\"reference\"><\/sup>\u00a0erhobenen Staatskanzler\u00a0Karl August F\u00fcrst von Hardenberg. 1820\u20131823 baute\u00a0Karl Friedrich Schinkel\u00a0das urspr\u00fcnglich\u00a0barocke\u00a0Schloss\u00a0klassizistisch\u00a0um; dabei wurde das Schloss um ein zweites Stockwerk aufgestockt. Ort und Schloss erhielten den Namen Neu-Hardenberg. Die Umgestaltung des anschlie\u00dfenden\u00a0Landschaftsgartens\u00a0besorgte 1821\u00a0Hermann von P\u00fcckler-Muskau\u00a0unter Mitwirkung von\u00a0Peter Joseph Lenn\u00e9.<\/p>\n<p>Der Gutskomplex um Neuhardenberg entwickelte sich zu einer konstanten\u00a0Standesherrschaft\u00a0mit umfangreichen Beg\u00fcterungen.<sup id=\"cite_ref-2\" class=\"reference\"><\/sup><\/p>\n<p>Nach dem Attentat vom\u00a020. Juli 1944\u00a0wurde der damalige Besitzer von Gut und Schloss Neuhardenberg,\u00a0Carl-Hans Graf von Hardenberg, als\u00a0Widerstandsk\u00e4mpfer gegen den Nationalsozialismus\u00a0enteignet. Diese Enteignung wurde 1945 bei der\u00a0sozialistischen Bodenreform\u00a0best\u00e4tigt. Bis Mitte der 1970er Jahre diente das Schloss als Schulgeb\u00e4ude, danach war es ungenutzt. In den 1980er Jahren wurde das Schloss aufwendig rekonstruiert. 1996 erhielt die Familie\u00a0von Hardenberg\u00a0das Schloss mit seinem Park r\u00fcck\u00fcbertragen. Sie verlegte jedoch ihren Wohnsitz und die G\u00fcterverwaltung in die\u00a0Komturei Lietzen\u00a0und verkaufte das Neuhardenberger Schloss mit dem weitl\u00e4ufigen Park 1997 an den\u00a0Deutschen Sparkassen- und Giroverband, dieser gr\u00fcndete f\u00fcr den Betrieb des Schlosses sowie den Veranstaltungsbetrieb die hundertprozentige Tochtergesellschaft\u00a0Stiftung Schloss Neuhardenberg. Nach ausgedehnten Renovierungsarbeiten wurde es am 8. Mai 2002 in Anwesenheit des Bundespr\u00e4sidenten\u00a0Johannes Rau\u00a0offiziell wiederer\u00f6ffnet. Im Juni 2003 und Juli 2004 fanden zwei Klausurtagungen der rot-gr\u00fcnen\u00a0Bundesregierung\u00a0unter Bundeskanzler\u00a0Gerhard Schr\u00f6der\u00a0in Neuhardenberg statt.<\/p>\n<p>Quelle: <a href=\"https:\/\/de.wikipedia.org\/wiki\/Schloss_Neuhardenberg\">Wikipedia<\/a>[\/vc_column_text][\/vc_column][\/vc_row][vc_row][vc_column][\/vc_column][\/vc_row]<\/p>\n<\/div>","protected":false},"excerpt":{"rendered":"<p>[vc_row][vc_column][vc_column_text css_animation=&#8220;zoomInUp&#8220;]Das\u00a0Schloss Neuhardenberg\u00a0liegt in der gleichnamigen Gemeinde\u00a0Neuhardenberg\u00a0im\u00a0Landkreis M\u00e4rkisch-Oderland\u00a0im Bundesland\u00a0Brandenburg. Der Bau des Schlosses begann m\u00f6glicherweise 1786, das hei\u00dft im Todesjahr\u00a0Friedrichs des Gro\u00dfen, m\u00f6glicherweise aber auch schon fr\u00fcher, denn laut\u00a0Theodor Fontane\u00a0(in\u00a0Wanderungen durch die Mark Brandenburg, Band 2) soll Friedrich der Gro\u00dfe bemerkt haben, \u201eEr baut ja ein Schloss! Er will ja hoch hinaus!\u201c, woraufhin\u00a0Joachim Bernhard von Prittwitz\u00a0auf die\u00a0Beletage\u00a0verzichtet haben soll und es bei einer eingeschossigen Dreifl\u00fcgelanlage mit hohem\u00a0Mansarddach\u00a0belie\u00df. An der Innenausstattung war\u00a0Carl Gotthard Langhans\u00a0beteiligt. 1792 wurde im Park nach Entw\u00fcrfen von\u00a0Johann Wilhelm Meil\u00a0(1733\u20131805) ein Denkmal f\u00fcr Friedrich den Gro\u00dfen errichtet. Joachim Bernhard von Prittwitz, Rittmeister der\u00a0Zietenschen\u00a0Husaren und sp\u00e4ter preu\u00dfischer\u00a0General der Kavallerie, hatte den Herrensitz Quilitz, wie er damals hie\u00df, am 18. April 1763 als Dank f\u00fcr die Rettung Friedrichs in der\u00a0Schlacht bei Kunersdorf\u00a0(1759) als k\u00f6nigliche\u00a0Dotation\u00a0erhalten. Wenig sp\u00e4ter begannen die Schlossarbeiten. 1811 wurde Quilitz von Prittwitz\u2019 Sohn wieder an die preu\u00dfische Krone zur\u00fcckverkauft. Am 11. November 1814 gab K\u00f6nig\u00a0Friedrich Wilhelm III.\u00a0von\u00a0Preu\u00dfen\u00a0Ort und Schloss als k\u00f6nigliche Dotation seinem im Juni desselben Jahres in den F\u00fcrstenstand\u00a0erhobenen Staatskanzler\u00a0Karl August F\u00fcrst von Hardenberg. 1820\u20131823 baute\u00a0Karl Friedrich Schinkel\u00a0das urspr\u00fcnglich\u00a0barocke\u00a0Schloss\u00a0klassizistisch\u00a0um; dabei wurde das Schloss um ein zweites Stockwerk aufgestockt. Ort und Schloss erhielten den Namen Neu-Hardenberg. Die Umgestaltung des anschlie\u00dfenden\u00a0Landschaftsgartens\u00a0besorgte 1821\u00a0Hermann von P\u00fcckler-Muskau\u00a0unter Mitwirkung von\u00a0Peter Joseph Lenn\u00e9. Der Gutskomplex um Neuhardenberg entwickelte sich zu einer konstanten\u00a0Standesherrschaft\u00a0mit umfangreichen Beg\u00fcterungen. Nach dem Attentat vom\u00a020. Juli 1944\u00a0wurde der damalige Besitzer von Gut und Schloss Neuhardenberg,\u00a0Carl-Hans Graf von Hardenberg, als\u00a0Widerstandsk\u00e4mpfer gegen den Nationalsozialismus\u00a0enteignet. Diese Enteignung wurde 1945 bei der\u00a0sozialistischen Bodenreform\u00a0best\u00e4tigt. Bis Mitte der 1970er Jahre diente das Schloss als Schulgeb\u00e4ude, danach war es ungenutzt. In den 1980er Jahren wurde das Schloss aufwendig rekonstruiert. 1996 erhielt die Familie\u00a0von Hardenberg\u00a0das Schloss mit seinem Park r\u00fcck\u00fcbertragen. Sie verlegte jedoch ihren Wohnsitz und die G\u00fcterverwaltung in die\u00a0Komturei Lietzen\u00a0und verkaufte das Neuhardenberger Schloss mit dem weitl\u00e4ufigen Park 1997 an den\u00a0Deutschen Sparkassen- und Giroverband, dieser gr\u00fcndete f\u00fcr den Betrieb des Schlosses sowie den Veranstaltungsbetrieb die hundertprozentige Tochtergesellschaft\u00a0Stiftung Schloss Neuhardenberg. Nach ausgedehnten Renovierungsarbeiten wurde es am 8. Mai 2002 in Anwesenheit des Bundespr\u00e4sidenten\u00a0Johannes Rau\u00a0offiziell wiederer\u00f6ffnet. Im Juni 2003 und Juli 2004 fanden zwei Klausurtagungen der rot-gr\u00fcnen\u00a0Bundesregierung\u00a0unter Bundeskanzler\u00a0Gerhard Schr\u00f6der\u00a0in Neuhardenberg statt. Quelle: Wikipedia[\/vc_column_text][\/vc_column][\/vc_row][vc_row][vc_column][\/vc_column][\/vc_row]<\/p>\n","protected":false},"author":1,"featured_media":0,"parent":0,"menu_order":0,"comment_status":"closed","ping_status":"closed","template":"","meta":{"_monsterinsights_skip_tracking":false,"_monsterinsights_sitenote_active":false,"_monsterinsights_sitenote_note":"","_monsterinsights_sitenote_category":0,"footnotes":""},"class_list":["post-500","page","type-page","status-publish","hentry"],"aioseo_notices":[],"acf":[],"_links":{"self":[{"href":"https:\/\/schneider-fotodesign.de\/index.php?rest_route=\/wp\/v2\/pages\/500","targetHints":{"allow":["GET"]}}],"collection":[{"href":"https:\/\/schneider-fotodesign.de\/index.php?rest_route=\/wp\/v2\/pages"}],"about":[{"href":"https:\/\/schneider-fotodesign.de\/index.php?rest_route=\/wp\/v2\/types\/page"}],"author":[{"embeddable":true,"href":"https:\/\/schneider-fotodesign.de\/index.php?rest_route=\/wp\/v2\/users\/1"}],"replies":[{"embeddable":true,"href":"https:\/\/schneider-fotodesign.de\/index.php?rest_route=%2Fwp%2Fv2%2Fcomments&post=500"}],"version-history":[{"count":4,"href":"https:\/\/schneider-fotodesign.de\/index.php?rest_route=\/wp\/v2\/pages\/500\/revisions"}],"predecessor-version":[{"id":2526,"href":"https:\/\/schneider-fotodesign.de\/index.php?rest_route=\/wp\/v2\/pages\/500\/revisions\/2526"}],"wp:attachment":[{"href":"https:\/\/schneider-fotodesign.de\/index.php?rest_route=%2Fwp%2Fv2%2Fmedia&parent=500"}],"curies":[{"name":"wp","href":"https:\/\/api.w.org\/{rel}","templated":true}]}}