{"id":3990,"date":"2026-02-10T14:11:59","date_gmt":"2026-02-10T13:11:59","guid":{"rendered":"https:\/\/schneider-fotodesign.de\/?page_id=3990"},"modified":"2026-02-10T14:11:59","modified_gmt":"2026-02-10T13:11:59","slug":"nationalpark","status":"publish","type":"page","link":"https:\/\/schneider-fotodesign.de\/?page_id=3990","title":{"rendered":"Nationalpark unteres Odertal"},"content":{"rendered":"<div class=\"wpb-content-wrapper\"><p>[vc_row][vc_column][vc_column_text css_animation=&#8220;fadeInLeft&#8220; css=&#8220;&#8220;]Startpunkt der Radtour ist die Gasse zur Stadtmauer. Durch den Torbogen in der Stadtmauer geht es dann durch den gro\u00dfen Parkplatz links in den Oberwall und nach ca 400 Metern \u00fcber die Schwedter Stra\u00dfe in den Unterwall.<img loading=\"lazy\" decoding=\"async\" class=\"size-full wp-image-243 alignright\" src=\"https:\/\/barnimtours.de\/wp-content\/uploads\/2025\/04\/werk_klein.jpg\" alt=\"\" width=\"113\" height=\"150\"> Hier folge ich dem M\u00fcndesee Radweg bis nach Dobberzin. Dort biege ich links ab in Richtung Stolpe und folge der Stra\u00dfe \u00fcber Crussow bis zur Kanalbr\u00fccke in Stolpe. Auf dem asphaltierten Radweg fahre ich entlang der Karpfenteiche vorbei am <a href=\"https:\/\/barnimtours.de\/wp-content\/uploads\/2025\/04\/IMG_0073.webp\">Pumpwerk Alt Galow<\/a>. Die Br\u00fccke bei St\u00fctzkow lasse ich nach 3 km links liegen und fahre weiter bis zum Nationalparkzentrum in Criewen wo ich dann eine Pause einlege. Nach einer Pause geht es so wieder zur\u00fcck. Vorbei an sch\u00f6nen Eigenheimen fahre ich entlang der Dobberziner Dorfstra\u00dfe bis zur B2, wo ich links abbiege und wieder dem M\u00fcndesee Radweg folge. Am Unterwall folge ich dann dem schon erw\u00e4hnten Weg bis zur Stadtmauer, wo die Tour dann endet. Ausf\u00fchrliche Route seht ihr unten auf Komoot.[\/vc_column_text][vc_gmaps link=&#8220;#E-8_JTNDaWZyYW1lJTIwc3JjJTNEJTIyaHR0cHMlM0ElMkYlMkZ3d3cua29tb290LmNvbSUyRmRlLWRlJTJGdG91ciUyRjIyODc5Njg4MjUlMkZlbWJlZCUzRnNoYXJlX3Rva2VuJTNEYTNHY2JWQ2tkemRxUUdPWjZFejRFM0Nmb0Zvb1ZNUFhPa0hZMWN6OEFKWFMzbDlSdVYlMjZwcm9maWxlJTNEMSUyMiUyMHdpZHRoJTNEJTIyMTAwJTI1JTIyJTIwaGVpZ2h0JTNEJTIyNzAwJTIyJTIwZnJhbWVib3JkZXIlM0QlMjIwJTIyJTIwc2Nyb2xsaW5nJTNEJTIybm8lMjIlM0UlM0MlMkZpZnJhbWUlM0U=&#8220; css_animation=&#8220;fadeInUp&#8220; css=&#8220;&#8220;][\/vc_column][\/vc_row]<\/p>\n<\/div>","protected":false},"excerpt":{"rendered":"<p>[vc_row][vc_column][vc_column_text css_animation=&#8220;fadeInLeft&#8220; css=&#8220;&#8220;]Startpunkt der Radtour ist die Gasse zur Stadtmauer. Durch den Torbogen in der Stadtmauer geht es dann durch den gro\u00dfen Parkplatz links in den Oberwall und nach ca 400 Metern \u00fcber die Schwedter Stra\u00dfe in den Unterwall. Hier folge ich dem M\u00fcndesee Radweg bis nach Dobberzin. Dort biege ich links ab in Richtung Stolpe und folge der Stra\u00dfe \u00fcber Crussow bis zur Kanalbr\u00fccke in Stolpe. Auf dem asphaltierten Radweg fahre ich entlang der Karpfenteiche vorbei am Pumpwerk Alt Galow. Die Br\u00fccke bei St\u00fctzkow lasse ich nach 3 km links liegen und fahre weiter bis zum Nationalparkzentrum in Criewen wo ich dann eine Pause einlege. Nach einer Pause geht es so wieder zur\u00fcck. Vorbei an sch\u00f6nen Eigenheimen fahre ich entlang der Dobberziner Dorfstra\u00dfe bis zur B2, wo ich links abbiege und wieder dem M\u00fcndesee Radweg folge. Am Unterwall folge ich dann dem schon erw\u00e4hnten Weg bis zur Stadtmauer, wo die Tour dann endet. Ausf\u00fchrliche Route seht ihr unten auf Komoot.[\/vc_column_text][vc_gmaps link=&#8220;#E-8_JTNDaWZyYW1lJTIwc3JjJTNEJTIyaHR0cHMlM0ElMkYlMkZ3d3cua29tb290LmNvbSUyRmRlLWRlJTJGdG91ciUyRjIyODc5Njg4MjUlMkZlbWJlZCUzRnNoYXJlX3Rva2VuJTNEYTNHY2JWQ2tkemRxUUdPWjZFejRFM0Nmb0Zvb1ZNUFhPa0hZMWN6OEFKWFMzbDlSdVYlMjZwcm9maWxlJTNEMSUyMiUyMHdpZHRoJTNEJTIyMTAwJTI1JTIyJTIwaGVpZ2h0JTNEJTIyNzAwJTIyJTIwZnJhbWVib3JkZXIlM0QlMjIwJTIyJTIwc2Nyb2xsaW5nJTNEJTIybm8lMjIlM0UlM0MlMkZpZnJhbWUlM0U=&#8220; css_animation=&#8220;fadeInUp&#8220; css=&#8220;&#8220;][\/vc_column][\/vc_row]<\/p>\n","protected":false},"author":1,"featured_media":0,"parent":0,"menu_order":0,"comment_status":"closed","ping_status":"closed","template":"","meta":{"_monsterinsights_skip_tracking":false,"_monsterinsights_sitenote_active":false,"_monsterinsights_sitenote_note":"","_monsterinsights_sitenote_category":0,"footnotes":""},"class_list":["post-3990","page","type-page","status-publish","hentry"],"aioseo_notices":[],"acf":[],"_links":{"self":[{"href":"https:\/\/schneider-fotodesign.de\/index.php?rest_route=\/wp\/v2\/pages\/3990","targetHints":{"allow":["GET"]}}],"collection":[{"href":"https:\/\/schneider-fotodesign.de\/index.php?rest_route=\/wp\/v2\/pages"}],"about":[{"href":"https:\/\/schneider-fotodesign.de\/index.php?rest_route=\/wp\/v2\/types\/page"}],"author":[{"embeddable":true,"href":"https:\/\/schneider-fotodesign.de\/index.php?rest_route=\/wp\/v2\/users\/1"}],"replies":[{"embeddable":true,"href":"https:\/\/schneider-fotodesign.de\/index.php?rest_route=%2Fwp%2Fv2%2Fcomments&post=3990"}],"version-history":[{"count":2,"href":"https:\/\/schneider-fotodesign.de\/index.php?rest_route=\/wp\/v2\/pages\/3990\/revisions"}],"predecessor-version":[{"id":3992,"href":"https:\/\/schneider-fotodesign.de\/index.php?rest_route=\/wp\/v2\/pages\/3990\/revisions\/3992"}],"wp:attachment":[{"href":"https:\/\/schneider-fotodesign.de\/index.php?rest_route=%2Fwp%2Fv2%2Fmedia&parent=3990"}],"curies":[{"name":"wp","href":"https:\/\/api.w.org\/{rel}","templated":true}]}}