{"id":3982,"date":"2026-02-10T13:57:44","date_gmt":"2026-02-10T12:57:44","guid":{"rendered":"https:\/\/schneider-fotodesign.de\/?page_id=3982"},"modified":"2026-02-10T14:04:58","modified_gmt":"2026-02-10T13:04:58","slug":"nordufer","status":"publish","type":"page","link":"https:\/\/schneider-fotodesign.de\/?page_id=3982","title":{"rendered":"Nordufer Wolletzsee"},"content":{"rendered":"<div class=\"wpb-content-wrapper\"><p>[vc_row][vc_column][vc_column_text css_animation=&#8220;fadeInLeft&#8220; css=&#8220;&#8220;]<img loading=\"lazy\" decoding=\"async\" class=\"size-full wp-image-3985 alignleft\" src=\"https:\/\/schneider-fotodesign.de\/wp-content\/uploads\/2026\/02\/muehle_thumb.jpg\" alt=\"\" width=\"250\" height=\"167\">Startpunkt der Radtour ist die Gasse zur Stadtmauer. Durch den Torbogen in der Stadtmauer geht es dann durch den gro\u00dfen Parkplatz links in den Oberwall und nach ca 400 Metern \u00fcber die Schwedter Stra\u00dfe in den Unterwall. Schnell erreiche ich die Seestra\u00dfe, der ich bis zum sch\u00f6nen kleinen Hotel &#8220; Am Seetor &#8220; folge. Entlang der M\u00fcndesee Promenade mit seinen tollen Skulpturen und der Plattform am M\u00fcndesee folge ich dem M\u00fcndesee Radrundweg bis \u00fcber den Bahn\u00fcbergang, um dann links in Richtung Kerkow<img loading=\"lazy\" decoding=\"async\" class=\"size-full wp-image-3986 alignright\" src=\"https:\/\/schneider-fotodesign.de\/wp-content\/uploads\/2026\/02\/see_thumb1.jpg\" alt=\"\" width=\"250\" height=\"188\"> abzubiegen. Am Gut Kerkow, wo einst Sarah Wiener das Zepter schwang, geht es dann zur Blumberger M\u00fchle \u00fcber Kopfsteinpflaster und weiter auf<br \/>\nunbefestigtem Wegen zu den Blumberger Fischteichen. Dort biege ich dann links ab, um durch den Wald nach Wolletz zu fahren. An der bekannten Wolletzsee Klinik vorbei habe ich einen herrlichen Blick auf den See. Bis ich am Heiligen See ankomme, dauert es eine Weile und dort mache ich am Seeufer eine kleine Pause. Durch Altk\u00fcnkendorf fahre ich auf der Altk\u00fcnkendorfer Stra\u00dfe bis zum Abzweig nach Zuchenberg. In Zuchenberg endet meine Tour und ich lasse mich von meinem Bekannten Ralf-Peter in seinem Berlingo nach Hause fahren. Der Plattenweg nach Sternfelde ist f\u00fcr den weiteren Weg mit dem Rad nicht zu empfehlen. Das war die kleine Tourbeschreibung und unten seht Ihr die aufgezeichnete Tour mit Komoot.[\/vc_column_text][vc_gmaps link=&#8220;#E-8_JTNDaWZyYW1lJTIwc3JjJTNEJTIyaHR0cHMlM0ElMkYlMkZ3d3cua29tb290LmNvbSUyRmRlLWRlJTJGdG91ciUyRjE5Mjc2OTgwNjMlMkZlbWJlZCUzRnNoYXJlX3Rva2VuJTNEYTRXQ0JBTXNMYW5vOTcxbG9Na3lpTW0ySGZEeE1pUXIyNUlEY3ZpUURsVVhEenNlWEclMjZwcm9maWxlJTNEMSUyMiUyMHdpZHRoJTNEJTIyMTAwJTI1JTIyJTIwaGVpZ2h0JTNEJTIyNzAwJTIyJTIwZnJhbWVib3JkZXIlM0QlMjIwJTIyJTIwc2Nyb2xsaW5nJTNEJTIybm8lMjIlM0UlM0MlMkZpZnJhbWUlM0U=&#8220; css_animation=&#8220;fadeInUp&#8220; css=&#8220;&#8220;][\/vc_column][\/vc_row]<\/p>\n<\/div>","protected":false},"excerpt":{"rendered":"<p>[vc_row][vc_column][vc_column_text css_animation=&#8220;fadeInLeft&#8220; css=&#8220;&#8220;]Startpunkt der Radtour ist die Gasse zur Stadtmauer. Durch den Torbogen in der Stadtmauer geht es dann durch den gro\u00dfen Parkplatz links in den Oberwall und nach ca 400 Metern \u00fcber die Schwedter Stra\u00dfe in den Unterwall. Schnell erreiche ich die Seestra\u00dfe, der ich bis zum sch\u00f6nen kleinen Hotel &#8220; Am Seetor &#8220; folge. Entlang der M\u00fcndesee Promenade mit seinen tollen Skulpturen und der Plattform am M\u00fcndesee folge ich dem M\u00fcndesee Radrundweg bis \u00fcber den Bahn\u00fcbergang, um dann links in Richtung Kerkow abzubiegen. Am Gut Kerkow, wo einst Sarah Wiener das Zepter schwang, geht es dann zur Blumberger M\u00fchle \u00fcber Kopfsteinpflaster und weiter auf unbefestigtem Wegen zu den Blumberger Fischteichen. Dort biege ich dann links ab, um durch den Wald nach Wolletz zu fahren. An der bekannten Wolletzsee Klinik vorbei habe ich einen herrlichen Blick auf den See. Bis ich am Heiligen See ankomme, dauert es eine Weile und dort mache ich am Seeufer eine kleine Pause. Durch Altk\u00fcnkendorf fahre ich auf der Altk\u00fcnkendorfer Stra\u00dfe bis zum Abzweig nach Zuchenberg. In Zuchenberg endet meine Tour und ich lasse mich von meinem Bekannten Ralf-Peter in seinem Berlingo nach Hause fahren. Der Plattenweg nach Sternfelde ist f\u00fcr den weiteren Weg mit dem Rad nicht zu empfehlen. Das war die kleine Tourbeschreibung und unten seht Ihr die aufgezeichnete Tour mit Komoot.[\/vc_column_text][vc_gmaps link=&#8220;#E-8_JTNDaWZyYW1lJTIwc3JjJTNEJTIyaHR0cHMlM0ElMkYlMkZ3d3cua29tb290LmNvbSUyRmRlLWRlJTJGdG91ciUyRjE5Mjc2OTgwNjMlMkZlbWJlZCUzRnNoYXJlX3Rva2VuJTNEYTRXQ0JBTXNMYW5vOTcxbG9Na3lpTW0ySGZEeE1pUXIyNUlEY3ZpUURsVVhEenNlWEclMjZwcm9maWxlJTNEMSUyMiUyMHdpZHRoJTNEJTIyMTAwJTI1JTIyJTIwaGVpZ2h0JTNEJTIyNzAwJTIyJTIwZnJhbWVib3JkZXIlM0QlMjIwJTIyJTIwc2Nyb2xsaW5nJTNEJTIybm8lMjIlM0UlM0MlMkZpZnJhbWUlM0U=&#8220; css_animation=&#8220;fadeInUp&#8220; css=&#8220;&#8220;][\/vc_column][\/vc_row]<\/p>\n","protected":false},"author":1,"featured_media":0,"parent":0,"menu_order":0,"comment_status":"closed","ping_status":"closed","template":"","meta":{"_monsterinsights_skip_tracking":false,"_monsterinsights_sitenote_active":false,"_monsterinsights_sitenote_note":"","_monsterinsights_sitenote_category":0,"footnotes":""},"class_list":["post-3982","page","type-page","status-publish","hentry"],"aioseo_notices":[],"acf":[],"_links":{"self":[{"href":"https:\/\/schneider-fotodesign.de\/index.php?rest_route=\/wp\/v2\/pages\/3982","targetHints":{"allow":["GET"]}}],"collection":[{"href":"https:\/\/schneider-fotodesign.de\/index.php?rest_route=\/wp\/v2\/pages"}],"about":[{"href":"https:\/\/schneider-fotodesign.de\/index.php?rest_route=\/wp\/v2\/types\/page"}],"author":[{"embeddable":true,"href":"https:\/\/schneider-fotodesign.de\/index.php?rest_route=\/wp\/v2\/users\/1"}],"replies":[{"embeddable":true,"href":"https:\/\/schneider-fotodesign.de\/index.php?rest_route=%2Fwp%2Fv2%2Fcomments&post=3982"}],"version-history":[{"count":4,"href":"https:\/\/schneider-fotodesign.de\/index.php?rest_route=\/wp\/v2\/pages\/3982\/revisions"}],"predecessor-version":[{"id":3988,"href":"https:\/\/schneider-fotodesign.de\/index.php?rest_route=\/wp\/v2\/pages\/3982\/revisions\/3988"}],"wp:attachment":[{"href":"https:\/\/schneider-fotodesign.de\/index.php?rest_route=%2Fwp%2Fv2%2Fmedia&parent=3982"}],"curies":[{"name":"wp","href":"https:\/\/api.w.org\/{rel}","templated":true}]}}