{"id":308,"date":"2023-07-16T12:00:19","date_gmt":"2023-07-16T12:00:19","guid":{"rendered":"https:\/\/fotodesign-schneider.info\/?page_id=308"},"modified":"2024-11-30T21:57:34","modified_gmt":"2024-11-30T20:57:34","slug":"oderbruch","status":"publish","type":"page","link":"https:\/\/schneider-fotodesign.de\/?page_id=308","title":{"rendered":"Oderbruch"},"content":{"rendered":"<div class=\"wpb-content-wrapper\"><p>[vc_row][vc_column][vc_column_text css_animation=&#8220;zoomInUp&#8220;]Das\u00a0<b>Oderbruch<\/b>\u00a0(abgeleitet von\u00a0\u201eBruch\u201c\u00a0im Sinne von \u201eFeuchtgebiet\u201c) ist ein\u00a0Naturraum\u00a0und eine Kulturlandschaft\u00a0im Osten des deutschen Bundeslandes\u00a0Brandenburg\u00a0direkt an der\u00a0polnischen Grenze. Teile erstrecken sich auf polnisches Staatsgebiet. Die ebene Landschaft ist eine urspr\u00fcngliche eiszeitliche Hohlform, in die sich der Fluss\u00a0Oder\u00a0eingegraben hat und ein Stromspaltungsgebiet ausbildete. Seit der Trockenlegung und Urbarmachung gilt das Oderbruch als herausragendes Beispiel der preu\u00dfischen Binnenkolonisation des 18. Jahrhunderts. Im\u00a02. Weltkrieg\u00a0war es Schauplatz der gr\u00f6\u00dften Schlacht auf deutschem Boden (Schlacht um die Seelower H\u00f6hen).<\/p>\n<p>Quelle: <a href=\"https:\/\/de.wikipedia.org\/wiki\/Oderbruch\">Wikipedia<\/a>[\/vc_column_text][\/vc_column][\/vc_row][vc_row][vc_column][\/vc_column][\/vc_row]<\/p>\n<\/div>","protected":false},"excerpt":{"rendered":"<p>[vc_row][vc_column][vc_column_text css_animation=&#8220;zoomInUp&#8220;]Das\u00a0Oderbruch\u00a0(abgeleitet von\u00a0\u201eBruch\u201c\u00a0im Sinne von \u201eFeuchtgebiet\u201c) ist ein\u00a0Naturraum\u00a0und eine Kulturlandschaft\u00a0im Osten des deutschen Bundeslandes\u00a0Brandenburg\u00a0direkt an der\u00a0polnischen Grenze. Teile erstrecken sich auf polnisches Staatsgebiet. Die ebene Landschaft ist eine urspr\u00fcngliche eiszeitliche Hohlform, in die sich der Fluss\u00a0Oder\u00a0eingegraben hat und ein Stromspaltungsgebiet ausbildete. Seit der Trockenlegung und Urbarmachung gilt das Oderbruch als herausragendes Beispiel der preu\u00dfischen Binnenkolonisation des 18. Jahrhunderts. Im\u00a02. Weltkrieg\u00a0war es Schauplatz der gr\u00f6\u00dften Schlacht auf deutschem Boden (Schlacht um die Seelower H\u00f6hen). Quelle: Wikipedia[\/vc_column_text][\/vc_column][\/vc_row][vc_row][vc_column][\/vc_column][\/vc_row]<\/p>\n","protected":false},"author":1,"featured_media":0,"parent":0,"menu_order":0,"comment_status":"closed","ping_status":"closed","template":"","meta":{"_monsterinsights_skip_tracking":false,"_monsterinsights_sitenote_active":false,"_monsterinsights_sitenote_note":"","_monsterinsights_sitenote_category":0,"footnotes":""},"class_list":["post-308","page","type-page","status-publish","hentry"],"aioseo_notices":[],"acf":[],"_links":{"self":[{"href":"https:\/\/schneider-fotodesign.de\/index.php?rest_route=\/wp\/v2\/pages\/308","targetHints":{"allow":["GET"]}}],"collection":[{"href":"https:\/\/schneider-fotodesign.de\/index.php?rest_route=\/wp\/v2\/pages"}],"about":[{"href":"https:\/\/schneider-fotodesign.de\/index.php?rest_route=\/wp\/v2\/types\/page"}],"author":[{"embeddable":true,"href":"https:\/\/schneider-fotodesign.de\/index.php?rest_route=\/wp\/v2\/users\/1"}],"replies":[{"embeddable":true,"href":"https:\/\/schneider-fotodesign.de\/index.php?rest_route=%2Fwp%2Fv2%2Fcomments&post=308"}],"version-history":[{"count":3,"href":"https:\/\/schneider-fotodesign.de\/index.php?rest_route=\/wp\/v2\/pages\/308\/revisions"}],"predecessor-version":[{"id":2685,"href":"https:\/\/schneider-fotodesign.de\/index.php?rest_route=\/wp\/v2\/pages\/308\/revisions\/2685"}],"wp:attachment":[{"href":"https:\/\/schneider-fotodesign.de\/index.php?rest_route=%2Fwp%2Fv2%2Fmedia&parent=308"}],"curies":[{"name":"wp","href":"https:\/\/api.w.org\/{rel}","templated":true}]}}