{"id":2528,"date":"2024-11-28T09:42:26","date_gmt":"2024-11-28T08:42:26","guid":{"rendered":"https:\/\/fotos-schneider.de\/?page_id=2528"},"modified":"2024-11-28T09:50:44","modified_gmt":"2024-11-28T08:50:44","slug":"schloss-reichenow","status":"publish","type":"page","link":"https:\/\/schneider-fotodesign.de\/?page_id=2528","title":{"rendered":"Schloss Reichenow"},"content":{"rendered":"<div class=\"wpb-content-wrapper\"><p>[vc_row][vc_column][vc_column_text]<\/p>\n<div class=\"mw-heading mw-heading2\">\n<p id=\"Beschreibung\">Das\u00a0denkmalgesch\u00fctzte\u00a0<b>Schloss Reichenow<\/b>\u00a0steht in Reichenow, einem Ortsteil der Gemeinde\u00a0Reichenow-M\u00f6glin\u00a0im\u00a0Landkreis M\u00e4rkisch-Oderland\u00a0in\u00a0Brandenburg. Der Geb\u00e4udekomplex wurde unter <i>ihrer Regie<\/i>\u00a0von 1897 bis 1900 nach Entw\u00fcrfen von\u00a0Gustav Hauer\u00a0im englischen Castle-Style errichtet. Die zweigeschossigen, verputzten\u00a0Fassaden\u00a0sind mit\u00a0Zinnen\u00a0und T\u00fcrmchen an den Ecken bedeckt. Die Einfahrts- und Gartenseite wird in der Mitte jeweils durch\u00a0Risalite\u00a0betont, denen\u00a0Loggien vorgebaut sind. Das Bauensemble wurde bis ins Detail geplant; z.\u00a0B. ein geschmiedeter Hund als Treppenanf\u00e4nger. An der n\u00f6rdlichen Seitenfront wurde 1996\/1997 ein hoher Turm rekonstruiert. Das Innere gliedert sich in\u00a0Vestib\u00fcl\u00a0im Erdgeschoss,\u00a0Treppenhaus\u00a0und\u00a0Salon\u00a0im Obergeschoss mit quer dazu verlaufenden\u00a0Korridoren. Eigent\u00fcmer waren die Nachfahren des\u00a0Ernst Jacob von Eckardstein, der 1801 die Beg\u00fcterung erwarb. Als Bauherr fungierte August Friedrich Freiherr von Eckardstein (* 9. M\u00e4rz 1828 in Pr\u00f6tzel; \u2020 7. November 1900 in Haselberg), Herr auf Haselberg, Reichenow usw., ein Enkel des Vorgenannten. Er war seit 1858 mit Hedwig Sch\u00fctz (* 19. Februar 1838 in Seelow; \u2020 19. September 1907 in Haselberg), Tochter der Pauline Hertzog und des Amtsrates Julius Sch\u00fctz auf Gr\u00fcnthal, verheiratet. Ihnen folgte der Sohn Julius<sup id=\"cite_ref-2\" class=\"reference\"><\/sup>\u00a0Freiherr von Eckardstein (* 20. Januar 1867 in Haselberg; \u2020 17. Februar 1931 in Berlin), verheiratet mit der Landratstochter Hanna Gerlich (* 27. Mai 1870 in Sullnowo (Westpreu\u00dfen); \u2020 15. August 1953 in Iggenhausen). Die Gesamtbeg\u00fcterung wurde aber aufgeteilt, ihre Kinder erhielten jeweils ein Rittergut aus dem Erbe. August Freiherr von Eckardstein erhielt Gut Haselberg, Hedwig von Eckardstein wurde Mitherrin auf Herr(e)nhof,<sup id=\"cite_ref-3\" class=\"reference\"><\/sup>\u00a0ebenso ihre Schwestern Metta,<sup id=\"cite_ref-4\" class=\"reference\"><\/sup>\u00a0Hanna<sup id=\"cite_ref-5\" class=\"reference\"><\/sup> und Sophie. Leuenburg mit Steinbeck und Wollenberg erhielt der j\u00fcngste Sohn Arnold August Freiherr von Eckardstein. Reichenow samt Herzhorn und Sternebeck wurde Julius Arnold Freiherr von Eckardstein \u00fcberschrieben. Er war mit Wiltrud Freiin von Blomberg verheiratet. Ihre ersten drei Kinder sind alle in Berlin geboren, der zweitj\u00fcngste Sohn in Leuenburg, der j\u00fcngste Sohn nach der Flucht 1945 in Iggenhausen, dem neuen Heimatort. Anfang des 19. Jahrhunderts agierte mit Johann Gottlieb Koppe ein namhafter Landwirt als Administrator auf Gut Reichenow.<sup id=\"cite_ref-7\" class=\"reference\"><\/sup> Im Zuge der Industrialisierung der Landwirtschaft setzte man sp\u00e4testens seit 1841 Dampfmaschinen ein.<sup id=\"cite_ref-8\" class=\"reference\"><\/sup>\u00a01852 wird mehrfach die erfolgreiche Branntweinbrennerei des Reichenower Gutes erw\u00e4hnt.<sup id=\"cite_ref-9\" class=\"reference\"><\/sup> Reichenow war ein kreistagsf\u00e4higes Rittergut mit 1537 ha. Zum Gut geh\u00f6rte um 1880 die genannte Brennerei und eine Ziegelei.<sup id=\"cite_ref-10\" class=\"reference\"><\/sup>\u00a0Vor der gro\u00dfen Wirtschaftskrise war Gut Reichenow ein Teil eines gr\u00f6\u00dferen G\u00fcterkomplexes mit (Vorwerk)\u00a0<i>Hetzhorn<\/i>\u00a0und dem Rittergut Sternebeck sowie\u00a0<i>Gut Herrnhof<\/i>\u00a0mit den Vorwerken\u00a0<i>Bochows Loos<\/i>,\u00a0<i>Sophienhof<\/i>\u00a0und\u00a0<i>Marienhof<\/i>. Der Gutsbereich Herrnhof war in Pacht bei der Oderbruch-Zuckerfabrik AG in Th\u00f6ringswerder bei Wriezen. Die anderen einzelnen Gutseinrichtungen leitete f\u00fcr die Eigent\u00fcmer ein Inspektor.<sup id=\"cite_ref-11\" class=\"reference\"><\/sup>\u00a0Die Familie von Eckardstein investierte bis in die 1930er Jahre in den Besitz.<sup id=\"cite_ref-12\" class=\"reference\"><\/sup>\u00a0Zwei Landarbeiterh\u00e4user wurden f\u00fcr 36.000 Reichsmark auf Basis eines Kredites errichtet.<\/p>\n<p>Quelle: <a href=\"https:\/\/de.wikipedia.org\/wiki\/Schloss_Reichenow\">Wikipedia<\/a><\/div>\n<p>[\/vc_column_text][\/vc_column][\/vc_row][vc_row][vc_column][\/vc_column][\/vc_row]<\/p>\n<\/div>","protected":false},"excerpt":{"rendered":"<p>[vc_row][vc_column][vc_column_text] Das\u00a0denkmalgesch\u00fctzte\u00a0Schloss Reichenow\u00a0steht in Reichenow, einem Ortsteil der Gemeinde\u00a0Reichenow-M\u00f6glin\u00a0im\u00a0Landkreis M\u00e4rkisch-Oderland\u00a0in\u00a0Brandenburg. Der Geb\u00e4udekomplex wurde unter ihrer Regie\u00a0von 1897 bis 1900 nach Entw\u00fcrfen von\u00a0Gustav Hauer\u00a0im englischen Castle-Style errichtet. Die zweigeschossigen, verputzten\u00a0Fassaden\u00a0sind mit\u00a0Zinnen\u00a0und T\u00fcrmchen an den Ecken bedeckt. Die Einfahrts- und Gartenseite wird in der Mitte jeweils durch\u00a0Risalite\u00a0betont, denen\u00a0Loggien vorgebaut sind. Das Bauensemble wurde bis ins Detail geplant; z.\u00a0B. ein geschmiedeter Hund als Treppenanf\u00e4nger. An der n\u00f6rdlichen Seitenfront wurde 1996\/1997 ein hoher Turm rekonstruiert. Das Innere gliedert sich in\u00a0Vestib\u00fcl\u00a0im Erdgeschoss,\u00a0Treppenhaus\u00a0und\u00a0Salon\u00a0im Obergeschoss mit quer dazu verlaufenden\u00a0Korridoren. Eigent\u00fcmer waren die Nachfahren des\u00a0Ernst Jacob von Eckardstein, der 1801 die Beg\u00fcterung erwarb. Als Bauherr fungierte August Friedrich Freiherr von Eckardstein (* 9. M\u00e4rz 1828 in Pr\u00f6tzel; \u2020 7. November 1900 in Haselberg), Herr auf Haselberg, Reichenow usw., ein Enkel des Vorgenannten. Er war seit 1858 mit Hedwig Sch\u00fctz (* 19. Februar 1838 in Seelow; \u2020 19. September 1907 in Haselberg), Tochter der Pauline Hertzog und des Amtsrates Julius Sch\u00fctz auf Gr\u00fcnthal, verheiratet. Ihnen folgte der Sohn Julius\u00a0Freiherr von Eckardstein (* 20. Januar 1867 in Haselberg; \u2020 17. Februar 1931 in Berlin), verheiratet mit der Landratstochter Hanna Gerlich (* 27. Mai 1870 in Sullnowo (Westpreu\u00dfen); \u2020 15. August 1953 in Iggenhausen). Die Gesamtbeg\u00fcterung wurde aber aufgeteilt, ihre Kinder erhielten jeweils ein Rittergut aus dem Erbe. August Freiherr von Eckardstein erhielt Gut Haselberg, Hedwig von Eckardstein wurde Mitherrin auf Herr(e)nhof,\u00a0ebenso ihre Schwestern Metta,\u00a0Hanna und Sophie. Leuenburg mit Steinbeck und Wollenberg erhielt der j\u00fcngste Sohn Arnold August Freiherr von Eckardstein. Reichenow samt Herzhorn und Sternebeck wurde Julius Arnold Freiherr von Eckardstein \u00fcberschrieben. Er war mit Wiltrud Freiin von Blomberg verheiratet. Ihre ersten drei Kinder sind alle in Berlin geboren, der zweitj\u00fcngste Sohn in Leuenburg, der j\u00fcngste Sohn nach der Flucht 1945 in Iggenhausen, dem neuen Heimatort. Anfang des 19. Jahrhunderts agierte mit Johann Gottlieb Koppe ein namhafter Landwirt als Administrator auf Gut Reichenow. Im Zuge der Industrialisierung der Landwirtschaft setzte man sp\u00e4testens seit 1841 Dampfmaschinen ein.\u00a01852 wird mehrfach die erfolgreiche Branntweinbrennerei des Reichenower Gutes erw\u00e4hnt. Reichenow war ein kreistagsf\u00e4higes Rittergut mit 1537 ha. Zum Gut geh\u00f6rte um 1880 die genannte Brennerei und eine Ziegelei.\u00a0Vor der gro\u00dfen Wirtschaftskrise war Gut Reichenow ein Teil eines gr\u00f6\u00dferen G\u00fcterkomplexes mit (Vorwerk)\u00a0Hetzhorn\u00a0und dem Rittergut Sternebeck sowie\u00a0Gut Herrnhof\u00a0mit den Vorwerken\u00a0Bochows Loos,\u00a0Sophienhof\u00a0und\u00a0Marienhof. Der Gutsbereich Herrnhof war in Pacht bei der Oderbruch-Zuckerfabrik AG in Th\u00f6ringswerder bei Wriezen. Die anderen einzelnen Gutseinrichtungen leitete f\u00fcr die Eigent\u00fcmer ein Inspektor.\u00a0Die Familie von Eckardstein investierte bis in die 1930er Jahre in den Besitz.\u00a0Zwei Landarbeiterh\u00e4user wurden f\u00fcr 36.000 Reichsmark auf Basis eines Kredites errichtet. Quelle: Wikipedia [\/vc_column_text][\/vc_column][\/vc_row][vc_row][vc_column][\/vc_column][\/vc_row]<\/p>\n","protected":false},"author":1,"featured_media":0,"parent":0,"menu_order":0,"comment_status":"closed","ping_status":"closed","template":"","meta":{"_monsterinsights_skip_tracking":false,"_monsterinsights_sitenote_active":false,"_monsterinsights_sitenote_note":"","_monsterinsights_sitenote_category":0,"footnotes":""},"class_list":["post-2528","page","type-page","status-publish","hentry"],"aioseo_notices":[],"acf":[],"_links":{"self":[{"href":"https:\/\/schneider-fotodesign.de\/index.php?rest_route=\/wp\/v2\/pages\/2528","targetHints":{"allow":["GET"]}}],"collection":[{"href":"https:\/\/schneider-fotodesign.de\/index.php?rest_route=\/wp\/v2\/pages"}],"about":[{"href":"https:\/\/schneider-fotodesign.de\/index.php?rest_route=\/wp\/v2\/types\/page"}],"author":[{"embeddable":true,"href":"https:\/\/schneider-fotodesign.de\/index.php?rest_route=\/wp\/v2\/users\/1"}],"replies":[{"embeddable":true,"href":"https:\/\/schneider-fotodesign.de\/index.php?rest_route=%2Fwp%2Fv2%2Fcomments&post=2528"}],"version-history":[{"count":2,"href":"https:\/\/schneider-fotodesign.de\/index.php?rest_route=\/wp\/v2\/pages\/2528\/revisions"}],"predecessor-version":[{"id":2537,"href":"https:\/\/schneider-fotodesign.de\/index.php?rest_route=\/wp\/v2\/pages\/2528\/revisions\/2537"}],"wp:attachment":[{"href":"https:\/\/schneider-fotodesign.de\/index.php?rest_route=%2Fwp%2Fv2%2Fmedia&parent=2528"}],"curies":[{"name":"wp","href":"https:\/\/api.w.org\/{rel}","templated":true}]}}