{"id":1153,"date":"2023-12-05T02:01:54","date_gmt":"2023-12-05T02:01:54","guid":{"rendered":"https:\/\/fotos-schneider.de\/?page_id=1153"},"modified":"2026-03-12T16:52:28","modified_gmt":"2026-03-12T15:52:28","slug":"schneider","status":"publish","type":"page","link":"https:\/\/schneider-fotodesign.de\/","title":{"rendered":"Startseite"},"content":{"rendered":"<div class=\"wpb-content-wrapper\"><p>[vc_row][vc_column][vc_column_text css_animation=&#8220;fadeInRight&#8220; css=&#8220;&#8220;]<figure style=\"width: 130px\" class=\"wp-caption alignleft\"><a href=\"https:\/\/all-inkl.com\/PAAD924AA41476D\"><img loading=\"lazy\" decoding=\"async\" src=\"https:\/\/all-inkl.com\/banner\/all-inkl-banner-1-130x210.png\" alt=\"ALL-INKL.COM - Webhosting Server Hosting Domain Provider\" width=\"130\" height=\"210\" border=\"0\"><\/a><figcaption class=\"wp-caption-text\">Willst Du auch eine Webseite erstellen, dann kannst Du mit dem Webbaukasten von ALL-INKL.COM tolle Seiten erstellen! Probier es einfach aus, indem Du auf den Banner klickst!<\/figcaption><\/figure><\/p>\n<p>Die&nbsp;<i>Fotografie<\/i>&nbsp;ist ein&nbsp;Medium, das in sehr verschiedenen Zusammenh\u00e4ngen eingesetzt wird. Fotografische Abbildungen k\u00f6nnen beispielsweise Gegenst\u00e4nde mit prim\u00e4r k\u00fcnstlerischem (k\u00fcnstlerische Fotografie)<sup id=\"cite_ref-2\" class=\"reference\"><\/sup> oder prim\u00e4r kommerziellem Charakter sein (Industriefotografie,&nbsp;Werbe-&nbsp;und&nbsp;Modefotografie). Die Fotografie kann unter k\u00fcnstlerischen, technischen (Fototechnik), \u00f6konomischen (Fotowirtschaft) und gesellschaftlich-sozialen (Amateur-,&nbsp;Arbeiter-&nbsp;und&nbsp;Dokumentarfotografie) Aspekten betrachtet werden. Des Weiteren werden Fotografien im&nbsp;Journalismus&nbsp;und in der Medizin verwendet.<br \/>\n<!-- Start Partnerprogramm ALL\u2011INKL.COM -->   <!-- Ende Partnerprogramm -->Die Fotografie ist teilweise ein Gegenstand der Forschung und Lehre in der&nbsp;Kunstgeschichte&nbsp;und der noch jungen&nbsp;Bildwissenschaft. Der m\u00f6gliche Kunstcharakter der Fotografie war lange Zeit umstritten, ist jedoch seit der fotografischen Stilrichtung des&nbsp;Piktorialismus&nbsp;um die Wende zum 20.&nbsp;Jahrhundert letztlich nicht mehr bestritten. Einige Forschungsrichtungen ordnen die Fotografie der&nbsp;Medien-&nbsp;oder&nbsp;Kommunikationswissenschaft&nbsp;zu, auch diese Zuordnung ist umstritten.<\/p>\n<p>Im Zuge der technologischen Weiterentwicklung fand zu Beginn des 21. Jahrhunderts allm\u00e4hlich der Wandel von der klassischen&nbsp;analogen (Silber-)Fotografie&nbsp;hin zur&nbsp;Digitalfotografie&nbsp;statt. Der weltweite Zusammenbruch der damit in Zusammenhang stehenden Industrie f\u00fcr&nbsp;analoge Kameras&nbsp;aber auch f\u00fcr Verbrauchsmaterialien (Filme, Fotopapier, Fotochemie, Laborger\u00e4te) f\u00fchrt dazu, dass die Fotografie mehr und mehr auch unter&nbsp;kulturwissenschaftlicher&nbsp;und&nbsp;kulturhistorischer&nbsp;Sicht erforscht wird. Allgemein kulturelle Aspekte in der Forschung sind z.&nbsp;B. Betrachtungen \u00fcber den Erhalt und die Dokumentation der praktischen Kenntnis der fotografischen Verfahren f\u00fcr Aufnahme und Verarbeitung aber auch der Wandel im Umgang mit der Fotografie im Alltag. Zunehmend kulturhistorisch interessant werden die&nbsp;Archivierungs- und Erhaltungstechniken f\u00fcr analoge Aufnahmen aber auch die systemunabh\u00e4ngige langfristige digitale&nbsp;Datenspeicherung.<\/p>\n<p>Die Fotografie unterliegt dem komplexen und vielschichtigen&nbsp;Fotorecht; bei der Nutzung von vorhandenen Fotografien m\u00fcssen die&nbsp;Bildrechte&nbsp;beachtet werden. Die Gesetzgebungen in verschiedenen L\u00e4ndern unterscheiden sich teilweise stark.<\/p>\n<p>Quelle: <a href=\"https:\/\/de.wikipedia.org\/wiki\/Fotografie\">Wikipedia<\/a>[\/vc_column_text][\/vc_column][\/vc_row][vc_row][vc_column][vc_single_image image=&#8220;3998&#8243; img_size=&#8220;full&#8220; add_caption=&#8220;yes&#8220; alignment=&#8220;center&#8220; css_animation=&#8220;bounceInLeft&#8220; css=&#8220;&#8220; title=&#8220;Schloss Rheinsberg&#8220;][\/vc_column][\/vc_row]<\/p>\n<\/div>","protected":false},"excerpt":{"rendered":"<p>[vc_row][vc_column][vc_column_text css_animation=&#8220;fadeInRight&#8220; css=&#8220;&#8220;] Die&nbsp;Fotografie&nbsp;ist ein&nbsp;Medium, das in sehr verschiedenen Zusammenh\u00e4ngen eingesetzt wird. Fotografische Abbildungen k\u00f6nnen beispielsweise Gegenst\u00e4nde mit prim\u00e4r k\u00fcnstlerischem (k\u00fcnstlerische Fotografie) oder prim\u00e4r kommerziellem Charakter sein (Industriefotografie,&nbsp;Werbe-&nbsp;und&nbsp;Modefotografie). Die Fotografie kann unter k\u00fcnstlerischen, technischen (Fototechnik), \u00f6konomischen (Fotowirtschaft) und gesellschaftlich-sozialen (Amateur-,&nbsp;Arbeiter-&nbsp;und&nbsp;Dokumentarfotografie) Aspekten betrachtet werden. Des Weiteren werden Fotografien im&nbsp;Journalismus&nbsp;und in der Medizin verwendet. Die Fotografie ist teilweise ein Gegenstand der Forschung und Lehre in der&nbsp;Kunstgeschichte&nbsp;und der noch jungen&nbsp;Bildwissenschaft. Der m\u00f6gliche Kunstcharakter der Fotografie war lange Zeit umstritten, ist jedoch seit der fotografischen Stilrichtung des&nbsp;Piktorialismus&nbsp;um die Wende zum 20.&nbsp;Jahrhundert letztlich nicht mehr bestritten. Einige Forschungsrichtungen ordnen die Fotografie der&nbsp;Medien-&nbsp;oder&nbsp;Kommunikationswissenschaft&nbsp;zu, auch diese Zuordnung ist umstritten. Im Zuge der technologischen Weiterentwicklung fand zu Beginn des 21. Jahrhunderts allm\u00e4hlich der Wandel von der klassischen&nbsp;analogen (Silber-)Fotografie&nbsp;hin zur&nbsp;Digitalfotografie&nbsp;statt. Der weltweite Zusammenbruch der damit in Zusammenhang stehenden Industrie f\u00fcr&nbsp;analoge Kameras&nbsp;aber auch f\u00fcr Verbrauchsmaterialien (Filme, Fotopapier, Fotochemie, Laborger\u00e4te) f\u00fchrt dazu, dass die Fotografie mehr und mehr auch unter&nbsp;kulturwissenschaftlicher&nbsp;und&nbsp;kulturhistorischer&nbsp;Sicht erforscht wird. Allgemein kulturelle Aspekte in der Forschung sind z.&nbsp;B. Betrachtungen \u00fcber den Erhalt und die Dokumentation der praktischen Kenntnis der fotografischen Verfahren f\u00fcr Aufnahme und Verarbeitung aber auch der Wandel im Umgang mit der Fotografie im Alltag. Zunehmend kulturhistorisch interessant werden die&nbsp;Archivierungs- und Erhaltungstechniken f\u00fcr analoge Aufnahmen aber auch die systemunabh\u00e4ngige langfristige digitale&nbsp;Datenspeicherung. Die Fotografie unterliegt dem komplexen und vielschichtigen&nbsp;Fotorecht; bei der Nutzung von vorhandenen Fotografien m\u00fcssen die&nbsp;Bildrechte&nbsp;beachtet werden. Die Gesetzgebungen in verschiedenen L\u00e4ndern unterscheiden sich teilweise stark. Quelle: Wikipedia[\/vc_column_text][\/vc_column][\/vc_row][vc_row][vc_column][vc_single_image image=&#8220;3998&#8243; img_size=&#8220;full&#8220; add_caption=&#8220;yes&#8220; alignment=&#8220;center&#8220; css_animation=&#8220;bounceInLeft&#8220; css=&#8220;&#8220; title=&#8220;Schloss Rheinsberg&#8220;][\/vc_column][\/vc_row]<\/p>\n","protected":false},"author":1,"featured_media":0,"parent":0,"menu_order":0,"comment_status":"closed","ping_status":"closed","template":"","meta":{"_monsterinsights_skip_tracking":false,"_monsterinsights_sitenote_active":false,"_monsterinsights_sitenote_note":"","_monsterinsights_sitenote_category":0,"footnotes":""},"class_list":["post-1153","page","type-page","status-publish","hentry"],"aioseo_notices":[],"acf":[],"_links":{"self":[{"href":"https:\/\/schneider-fotodesign.de\/index.php?rest_route=\/wp\/v2\/pages\/1153","targetHints":{"allow":["GET"]}}],"collection":[{"href":"https:\/\/schneider-fotodesign.de\/index.php?rest_route=\/wp\/v2\/pages"}],"about":[{"href":"https:\/\/schneider-fotodesign.de\/index.php?rest_route=\/wp\/v2\/types\/page"}],"author":[{"embeddable":true,"href":"https:\/\/schneider-fotodesign.de\/index.php?rest_route=\/wp\/v2\/users\/1"}],"replies":[{"embeddable":true,"href":"https:\/\/schneider-fotodesign.de\/index.php?rest_route=%2Fwp%2Fv2%2Fcomments&post=1153"}],"version-history":[{"count":11,"href":"https:\/\/schneider-fotodesign.de\/index.php?rest_route=\/wp\/v2\/pages\/1153\/revisions"}],"predecessor-version":[{"id":4000,"href":"https:\/\/schneider-fotodesign.de\/index.php?rest_route=\/wp\/v2\/pages\/1153\/revisions\/4000"}],"wp:attachment":[{"href":"https:\/\/schneider-fotodesign.de\/index.php?rest_route=%2Fwp%2Fv2%2Fmedia&parent=1153"}],"curies":[{"name":"wp","href":"https:\/\/api.w.org\/{rel}","templated":true}]}}